{"id":936,"date":"2016-03-21T14:13:44","date_gmt":"2016-03-21T13:13:44","guid":{"rendered":"https:\/\/www.santerra.be\/fr\/?page_id=936"},"modified":"2018-02-16T11:46:31","modified_gmt":"2018-02-16T10:46:31","slug":"acceuil","status":"publish","type":"page","link":"https:\/\/www.santerra.be\/fr\/","title":{"rendered":"Acceuil"},"content":{"rendered":"<p>[et_pb_section bb_built=\u00a0\u00bb1&Prime; admin_label=\u00a0\u00bbsection\u00a0\u00bb fullwidth=\u00a0\u00bbon\u00a0\u00bb specialty=\u00a0\u00bboff\u00a0\u00bb transparent_background=\u00a0\u00bboff\u00a0\u00bb allow_player_pause=\u00a0\u00bboff\u00a0\u00bb inner_shadow=\u00a0\u00bboff\u00a0\u00bb parallax=\u00a0\u00bboff\u00a0\u00bb parallax_method=\u00a0\u00bboff\u00a0\u00bb custom_padding=\u00a0\u00bb0px||0px|\u00a0\u00bb padding_mobile=\u00a0\u00bboff\u00a0\u00bb make_fullwidth=\u00a0\u00bboff\u00a0\u00bb use_custom_width=\u00a0\u00bboff\u00a0\u00bb width_unit=\u00a0\u00bbon\u00a0\u00bb make_equal=\u00a0\u00bboff\u00a0\u00bb use_custom_gutter=\u00a0\u00bboff\u00a0\u00bb custom_padding_tablet=\u00a0\u00bb50px|0|50px|0&Prime; custom_padding_last_edited=\u00a0\u00bbon|desktop\u00a0\u00bb prev_background_color=\u00a0\u00bb#000000&Prime; next_background_color=\u00a0\u00bb#FFFFFF\u00a0\u00bb][et_pb_fullwidth_slider admin_label=\u00a0\u00bbFullwidth Slider\u00a0\u00bb show_arrows=\u00a0\u00bbon\u00a0\u00bb show_pagination=\u00a0\u00bbon\u00a0\u00bb auto=\u00a0\u00bboff\u00a0\u00bb parallax=\u00a0\u00bbon\u00a0\u00bb auto_ignore_hover=\u00a0\u00bboff\u00a0\u00bb parallax_method=\u00a0\u00bboff\u00a0\u00bb remove_inner_shadow=\u00a0\u00bboff\u00a0\u00bb background_position=\u00a0\u00bbdefault\u00a0\u00bb background_size=\u00a0\u00bbdefault\u00a0\u00bb hide_content_on_mobile=\u00a0\u00bboff\u00a0\u00bb hide_cta_on_mobile=\u00a0\u00bboff\u00a0\u00bb show_image_video_mobile=\u00a0\u00bboff\u00a0\u00bb custom_button=\u00a0\u00bboff\u00a0\u00bb button_letter_spacing=\u00a0\u00bb0&Prime; button_use_icon=\u00a0\u00bbdefault\u00a0\u00bb button_icon_placement=\u00a0\u00bbright\u00a0\u00bb button_on_hover=\u00a0\u00bbon\u00a0\u00bb button_letter_spacing_hover=\u00a0\u00bb0&Prime; saved_tabs=\u00a0\u00bball\u00a0\u00bb button_border_radius_hover=\u00a0\u00bb0&Prime; custom_padding=\u00a0\u00bb|||\u00a0\u00bb custom_padding_tablet=\u00a0\u00bb|||\u00a0\u00bb custom_padding_phone=\u00a0\u00bb|||\u00a0\u00bb show_inner_shadow=\u00a0\u00bbon\u00a0\u00bb show_content_on_mobile=\u00a0\u00bbon\u00a0\u00bb show_cta_on_mobile=\u00a0\u00bbon\u00a0\u00bb box_shadow_horizontal=\u00a0\u00bb0px\u00a0\u00bb box_shadow_vertical=\u00a0\u00bb0px\u00a0\u00bb box_shadow_blur=\u00a0\u00bb10px\u00a0\u00bb box_shadow_spread=\u00a0\u00bb0px\u00a0\u00bb box_shadow_position=\u00a0\u00bbinner\u00a0\u00bb box_shadow_color=\u00a0\u00bbrgba(0,0,0,0.1)\u00a0\u00bb box_shadow_style=\u00a0\u00bbpreset6&Prime;][et_pb_slide heading=\u00a0\u00bbSanterra est actif dans l\u2019achat et l\u2019assainissement de terrains pollu\u00e9s\u00a0\u00bb background_image=\u00a0\u00bb\/wp-content\/uploads\/2014\/09\/drought-780088_192011.jpg\u00a0\u00bb background_color=\u00a0\u00bb#ffffff\u00a0\u00bb alignment=\u00a0\u00bbcenter\u00a0\u00bb background_layout=\u00a0\u00bblight\u00a0\u00bb background_position=\u00a0\u00bbdefault\u00a0\u00bb background_size=\u00a0\u00bbinitial\u00a0\u00bb allow_player_pause=\u00a0\u00bboff\u00a0\u00bb header_font_select=\u00a0\u00bbdefault\u00a0\u00bb body_font_select=\u00a0\u00bbdefault\u00a0\u00bb custom_button=\u00a0\u00bboff\u00a0\u00bb button_font_select=\u00a0\u00bbdefault\u00a0\u00bb button_use_icon=\u00a0\u00bbdefault\u00a0\u00bb button_icon_placement=\u00a0\u00bbright\u00a0\u00bb button_on_hover=\u00a0\u00bbon\u00a0\u00bb button_text=\u00a0\u00bbContact\u00a0\u00bb button_link=\u00a0\u00bb\/fr\/contact\u00a0\u00bb use_bg_overlay=\u00a0\u00bboff\u00a0\u00bb use_text_overlay=\u00a0\u00bboff\u00a0\u00bb text_border_radius=\u00a0\u00bb3&Prime; header_font=\u00a0\u00bb||||\u00a0\u00bb body_font=\u00a0\u00bb||||\u00a0\u00bb button_font=\u00a0\u00bb||||\u00a0\u00bb]<\/p>\n<p><strong>Si vous voulez plus d&rsquo;informations sur l&rsquo;assainissement?<\/strong><\/p>\n<p>[\/et_pb_slide][\/et_pb_fullwidth_slider][\/et_pb_section][et_pb_section bb_built=\u00a0\u00bb1&Prime; admin_label=\u00a0\u00bbsection\u00a0\u00bb prev_background_color=\u00a0\u00bb#000000&Prime; next_background_color=\u00a0\u00bb#000000&Prime;][et_pb_row admin_label=\u00a0\u00bbrow\u00a0\u00bb background_position=\u00a0\u00bbtop_left\u00a0\u00bb background_repeat=\u00a0\u00bbrepeat\u00a0\u00bb background_size=\u00a0\u00bbinitial\u00a0\u00bb][et_pb_column type=\u00a0\u00bb1_2&Prime;][et_pb_text background_layout=\u00a0\u00bblight\u00a0\u00bb background_position=\u00a0\u00bbtop_left\u00a0\u00bb background_repeat=\u00a0\u00bbrepeat\u00a0\u00bb background_size=\u00a0\u00bbinitial\u00a0\u00bb _builder_version=\u00a0\u00bb3.0.102&Prime;]<\/p>\n<h1>Santerra est actif dans l\u2019achat et l\u2019assainissement de terrains pollu\u00e9s.<\/h1>\n<p>Ces pollutions, comme les terrains, peuvent \u00eatre de natures diverses.<\/p>\n<p>Les terrains peuvent \u00eatre achet\u00e9s ou rester la propri\u00e9t\u00e9 de leur d\u00e9tenteur.<\/p>\n<p>En cas d\u2019achat, nous fournissons toutes les cautions n\u00e9cessaires \u00e0 l\u2019OVAM (soci\u00e9t\u00e9 publique des d\u00e9chets de la R\u00e9gion flamande). La vente d\u2019un terrain pollu\u00e9 requiert divers documents :<\/p>\n<ul>\n<li>\u00c9tude indicative du sol (datant de 2 ans maximum au moment du transfert)<\/li>\n<li>\u00c9tude descriptive du sol<\/li>\n<li><a href=\"\/fr\/projet-dassainissement-du-sol\/\">Projet d\u2019assainissement du sol<\/a><\/li>\n<li>Caution par l\u2019acheteur ou par des tiers<\/li>\n<\/ul>\n<p>Une fois les conditions ci-dessus satisfaites, on peut obtenir une attestation de sol valable pour la vente du terrain. Nous nous chargeons de ces formalit\u00e9s lors du transfert. Dans ce contexte, Santerra peut intervenir d\u00e8s la premi\u00e8re \u00e9tape! En cas d\u2019assainissement, les travaux sont r\u00e9alis\u00e9s avec l\u2019appui du Certificat Achilles pour la mise en oeuvre d\u2019assainissement de sols.<\/p>\n<p>[\/et_pb_text][\/et_pb_column][et_pb_column type=\u00a0\u00bb1_2&Prime;][et_pb_text background_layout=\u00a0\u00bblight\u00a0\u00bb text_orientation=\u00a0\u00bbleft\u00a0\u00bb border_style=\u00a0\u00bbsolid\u00a0\u00bb background_position=\u00a0\u00bbtop_left\u00a0\u00bb background_repeat=\u00a0\u00bbrepeat\u00a0\u00bb background_size=\u00a0\u00bbinitial\u00a0\u00bb _builder_version=\u00a0\u00bb3.0.102&Prime;]<\/p>\n<h2>Un aper\u00e7u des techniques appliqu\u00e9es<\/h2>\n<p>Techniques in situ :<\/p>\n<ul>\n<li><a href=\"\/fr\/traitement-leau-phreatique\/\">Traitement de l\u2019eau phr\u00e9atique<\/a><\/li>\n<li>Filtres \u00e0 charbon actif<\/li>\n<li><a href=\"\/fr\/tour-de-stripping\/\">Tour de stripping<\/a><\/li>\n<li>S\u00e9parateurs d\u2019huile et d\u2019eau<\/li>\n<li><a href=\"\/fr\/extraction-lair-du-sol\/\">Extraction de l\u2019air du sol<\/a><\/li>\n<li>Injections de m\u00e9lasse et d\u2019autres produits<\/li>\n<\/ul>\n<p>Techniques ex situ :<\/p>\n<ul>\n<li>Excavation<\/li>\n<li>Remblaiement<\/li>\n<li>D\u00e9molition<\/li>\n<li>Nettoyage g\u00e9n\u00e9ral<\/li>\n<\/ul>\n<p>Pour recevoir de plus amples explications ou \u00eatre contact\u00e9 en vue d\u2019un entretien, veuillez consulter notre\u00a0<a href=\"http:\/\/www.santerra.be\/fr\/contact\">page de contact<\/a>.<\/p>\n<p>Nous sommes toujours \u00e0 la recherche de terrains pollu\u00e9s.<\/p>\n<p>Nous achetons \u00e0 un prix honn\u00eate. Nous garantissons des solutions !!<\/p>\n<p>[\/et_pb_text][\/et_pb_column][\/et_pb_row][et_pb_row admin_label=\u00a0\u00bbrow\u00a0\u00bb background_position=\u00a0\u00bbtop_left\u00a0\u00bb background_repeat=\u00a0\u00bbrepeat\u00a0\u00bb background_size=\u00a0\u00bbinitial\u00a0\u00bb][et_pb_column type=\u00a0\u00bb1_3&Prime;][et_pb_image src=\u00a0\u00bb\/wp-content\/uploads\/2014\/09\/bodemsanering_4.jpeg\u00a0\u00bb show_in_lightbox=\u00a0\u00bboff\u00a0\u00bb url_new_window=\u00a0\u00bboff\u00a0\u00bb animation=\u00a0\u00bbleft\u00a0\u00bb sticky=\u00a0\u00bboff\u00a0\u00bb align=\u00a0\u00bbleft\u00a0\u00bb force_fullwidth=\u00a0\u00bboff\u00a0\u00bb always_center_on_mobile=\u00a0\u00bbon\u00a0\u00bb use_border_color=\u00a0\u00bboff\u00a0\u00bb border_color=\u00a0\u00bb#ffffff\u00a0\u00bb border_style=\u00a0\u00bbsolid\u00a0\u00bb animation_style=\u00a0\u00bbslide\u00a0\u00bb animation_duration=\u00a0\u00bb500ms\u00a0\u00bb animation_intensity_slide=\u00a0\u00bb10%\u00a0\u00bb animation_direction=\u00a0\u00bbleft\u00a0\u00bb show_bottom_space=\u00a0\u00bbon\u00a0\u00bb \/][\/et_pb_column][et_pb_column type=\u00a0\u00bb1_3&Prime;][et_pb_image src=\u00a0\u00bb\/wp-content\/uploads\/2014\/09\/bodemsanering_5.jpeg\u00a0\u00bb show_in_lightbox=\u00a0\u00bboff\u00a0\u00bb url_new_window=\u00a0\u00bboff\u00a0\u00bb animation=\u00a0\u00bbleft\u00a0\u00bb sticky=\u00a0\u00bboff\u00a0\u00bb align=\u00a0\u00bbleft\u00a0\u00bb force_fullwidth=\u00a0\u00bboff\u00a0\u00bb always_center_on_mobile=\u00a0\u00bbon\u00a0\u00bb use_border_color=\u00a0\u00bboff\u00a0\u00bb border_color=\u00a0\u00bb#ffffff\u00a0\u00bb border_style=\u00a0\u00bbsolid\u00a0\u00bb animation_style=\u00a0\u00bbslide\u00a0\u00bb animation_duration=\u00a0\u00bb500ms\u00a0\u00bb animation_intensity_slide=\u00a0\u00bb10%\u00a0\u00bb animation_direction=\u00a0\u00bbleft\u00a0\u00bb show_bottom_space=\u00a0\u00bbon\u00a0\u00bb \/][\/et_pb_column][et_pb_column type=\u00a0\u00bb1_3&Prime;][et_pb_image src=\u00a0\u00bb\/wp-content\/uploads\/2014\/09\/bodemsanering_6.jpeg\u00a0\u00bb show_in_lightbox=\u00a0\u00bboff\u00a0\u00bb url_new_window=\u00a0\u00bboff\u00a0\u00bb animation=\u00a0\u00bbleft\u00a0\u00bb sticky=\u00a0\u00bboff\u00a0\u00bb align=\u00a0\u00bbleft\u00a0\u00bb force_fullwidth=\u00a0\u00bboff\u00a0\u00bb always_center_on_mobile=\u00a0\u00bbon\u00a0\u00bb use_border_color=\u00a0\u00bboff\u00a0\u00bb border_color=\u00a0\u00bb#ffffff\u00a0\u00bb border_style=\u00a0\u00bbsolid\u00a0\u00bb animation_style=\u00a0\u00bbslide\u00a0\u00bb animation_duration=\u00a0\u00bb500ms\u00a0\u00bb animation_intensity_slide=\u00a0\u00bb10%\u00a0\u00bb animation_direction=\u00a0\u00bbleft\u00a0\u00bb show_bottom_space=\u00a0\u00bbon\u00a0\u00bb \/][\/et_pb_column][\/et_pb_row][\/et_pb_section][et_pb_section bb_built=\u00a0\u00bb1&Prime; admin_label=\u00a0\u00bbsection\u00a0\u00bb fullwidth=\u00a0\u00bbon\u00a0\u00bb specialty=\u00a0\u00bboff\u00a0\u00bb prev_background_color=\u00a0\u00bb#000000&Prime; next_background_color=\u00a0\u00bb#000000&Prime;][et_pb_fullwidth_header background_layout=\u00a0\u00bblight\u00a0\u00bb text_orientation=\u00a0\u00bbleft\u00a0\u00bb header_fullscreen=\u00a0\u00bboff\u00a0\u00bb header_scroll_down=\u00a0\u00bboff\u00a0\u00bb background_url=\u00a0\u00bb\/wp-content\/uploads\/2014\/09\/drought-780088_192011.jpg\u00a0\u00bb parallax=\u00a0\u00bbon\u00a0\u00bb parallax_method=\u00a0\u00bboff\u00a0\u00bb content_orientation=\u00a0\u00bbcenter\u00a0\u00bb image_orientation=\u00a0\u00bbcenter\u00a0\u00bb custom_button_one=\u00a0\u00bboff\u00a0\u00bb button_one_letter_spacing=\u00a0\u00bb0&Prime; button_one_use_icon=\u00a0\u00bbdefault\u00a0\u00bb button_one_icon_placement=\u00a0\u00bbright\u00a0\u00bb button_one_on_hover=\u00a0\u00bbon\u00a0\u00bb button_one_letter_spacing_hover=\u00a0\u00bb0&Prime; custom_button_two=\u00a0\u00bboff\u00a0\u00bb button_two_letter_spacing=\u00a0\u00bb0&Prime; button_two_use_icon=\u00a0\u00bbdefault\u00a0\u00bb button_two_icon_placement=\u00a0\u00bbright\u00a0\u00bb button_two_on_hover=\u00a0\u00bbon\u00a0\u00bb button_two_letter_spacing_hover=\u00a0\u00bb0&Prime; background_image=\u00a0\u00bb\/wp-content\/uploads\/2014\/09\/drought-780088_192011.jpg\u00a0\u00bb \/][\/et_pb_section][et_pb_section bb_built=\u00a0\u00bb1&Prime; admin_label=\u00a0\u00bbsection\u00a0\u00bb fullwidth=\u00a0\u00bboff\u00a0\u00bb specialty=\u00a0\u00bboff\u00a0\u00bb prev_background_color=\u00a0\u00bb#000000&Prime; next_background_color=\u00a0\u00bb#000000&Prime;][et_pb_row admin_label=\u00a0\u00bbrow\u00a0\u00bb background_position=\u00a0\u00bbtop_left\u00a0\u00bb background_repeat=\u00a0\u00bbrepeat\u00a0\u00bb background_size=\u00a0\u00bbinitial\u00a0\u00bb][et_pb_column type=\u00a0\u00bb4_4&Prime;][et_pb_text admin_label=\u00a0\u00bbText\u00a0\u00bb background_layout=\u00a0\u00bblight\u00a0\u00bb text_orientation=\u00a0\u00bbleft\u00a0\u00bb use_border_color=\u00a0\u00bboff\u00a0\u00bb border_color=\u00a0\u00bb#ffffff\u00a0\u00bb border_style=\u00a0\u00bbsolid\u00a0\u00bb background_position=\u00a0\u00bbtop_left\u00a0\u00bb background_repeat=\u00a0\u00bbrepeat\u00a0\u00bb background_size=\u00a0\u00bbinitial\u00a0\u00bb]<\/p>\n<h2>Contact<\/h2>\n\n<div class=\"wpcf7 no-js\" id=\"wpcf7-f931-o1\" lang=\"nl-NL\" dir=\"ltr\" data-wpcf7-id=\"931\">\n<div class=\"screen-reader-response\"><p role=\"status\" aria-live=\"polite\" aria-atomic=\"true\"><\/p> <ul><\/ul><\/div>\n<form action=\"\/fr\/wp-json\/wp\/v2\/pages\/936#wpcf7-f931-o1\" method=\"post\" class=\"wpcf7-form init\" aria-label=\"Contactformulier\" novalidate=\"novalidate\" data-status=\"init\">\n<fieldset class=\"hidden-fields-container\"><input type=\"hidden\" name=\"_wpcf7\" value=\"931\" \/><input type=\"hidden\" name=\"_wpcf7_version\" value=\"6.1.5\" \/><input type=\"hidden\" name=\"_wpcf7_locale\" value=\"nl_NL\" \/><input type=\"hidden\" name=\"_wpcf7_unit_tag\" value=\"wpcf7-f931-o1\" \/><input type=\"hidden\" name=\"_wpcf7_container_post\" value=\"0\" \/><input type=\"hidden\" name=\"_wpcf7_posted_data_hash\" value=\"\" \/><input type=\"hidden\" name=\"_wpcf7_recaptcha_response\" value=\"\" \/>\n<\/fieldset>\n<p><span class=\"wpcf7-form-control-wrap\" data-name=\"your-name\"><input size=\"40\" maxlength=\"400\" class=\"wpcf7-form-control wpcf7-text wpcf7-validates-as-required\" aria-required=\"true\" aria-invalid=\"false\" placeholder=\"Nom\" value=\"\" type=\"text\" name=\"your-name\" \/><\/span>\n<\/p>\n<p><span class=\"wpcf7-form-control-wrap\" data-name=\"your-email\"><input size=\"40\" maxlength=\"400\" class=\"wpcf7-form-control wpcf7-email wpcf7-validates-as-required wpcf7-text wpcf7-validates-as-email\" aria-required=\"true\" aria-invalid=\"false\" placeholder=\"Adresse e-mail\" value=\"\" type=\"email\" name=\"your-email\" \/><\/span>\n<\/p>\n<p><span class=\"wpcf7-form-control-wrap\" data-name=\"your-message\"><textarea cols=\"40\" rows=\"10\" maxlength=\"2000\" class=\"wpcf7-form-control wpcf7-textarea wpcf7-validates-as-required\" aria-required=\"true\" aria-invalid=\"false\" placeholder=\"Votre message\" name=\"your-message\"><\/textarea><\/span>\n<\/p>\n\n<p><input class=\"wpcf7-form-control wpcf7-submit has-spinner\" type=\"submit\" value=\"Navire\" \/>\n<\/p><div class=\"wpcf7-response-output\" aria-hidden=\"true\"><\/div>\n<\/form>\n<\/div>\n\n<p>[\/et_pb_text][\/et_pb_column][\/et_pb_row][\/et_pb_section][et_pb_section bb_built=\u00a0\u00bb1&Prime; admin_label=\u00a0\u00bbsection\u00a0\u00bb fullwidth=\u00a0\u00bbon\u00a0\u00bb specialty=\u00a0\u00bboff\u00a0\u00bb prev_background_color=\u00a0\u00bb#000000&Prime;][et_pb_fullwidth_map admin_label=\u00a0\u00bbFullwidth Map\u00a0\u00bb zoom_level=\u00a0\u00bb12&Prime; address_lat=\u00a0\u00bb50.96743382252682&Prime; address_lng=\u00a0\u00bb4.597850822707468&Prime; mouse_wheel=\u00a0\u00bboff\u00a0\u00bb child_filter_saturate=\u00a0\u00bb100%\u00a0\u00bb][et_pb_map_pin pin_address=\u00a0\u00bbFabrieksweg 13, 3190 Boortmeerbeek, Belgi\u00eb\u00a0\u00bb pin_address_lat=\u00a0\u00bb50.9690028&Prime; pin_address_lng=\u00a0\u00bb4.602889199999936&Prime;][\/et_pb_map_pin][\/et_pb_fullwidth_map][\/et_pb_section]<\/p>\n","protected":false},"excerpt":{"rendered":"<p>Si vous voulez plus d&rsquo;informations sur l&rsquo;assainissement? Santerra est actif dans l\u2019achat et l\u2019assainissement de terrains pollu\u00e9s. Ces pollutions, comme les terrains, peuvent \u00eatre de natures diverses. Les terrains peuvent \u00eatre achet\u00e9s ou rester la propri\u00e9t\u00e9 de leur d\u00e9tenteur. En cas d\u2019achat, nous fournissons toutes les cautions n\u00e9cessaires \u00e0 l\u2019OVAM (soci\u00e9t\u00e9 publique des d\u00e9chets de [&hellip;]<\/p>\n","protected":false},"author":3,"featured_media":0,"parent":0,"menu_order":0,"comment_status":"open","ping_status":"open","template":"","meta":{"_et_pb_use_builder":"on","_et_pb_old_content":"<p>This is an example page. It's different from a blog post because it will stay in one place and will show up in your site navigation (in most themes). Most people start with an About page that introduces them to potential site visitors. It might say something like this:<\/p><blockquote><p>Hi there! I'm a bike messenger by day, aspiring actor by night, and this is my blog. I live in Los Angeles, have a great dog named Jack, and I like pi\u00f1a coladas. (And gettin' caught in the rain.)<\/p><\/blockquote><p>...or something like this:<\/p><blockquote><p>The XYZ Doohickey Company was founded in 1971, and has been providing quality doohickeys to the public ever since. Located in Gotham City, XYZ employs over 2,000 people and does all kinds of awesome things for the Gotham community.<\/p><\/blockquote><p>As a new WordPress user, you should go to <a href=\"http:\/\/santerra.triplehosting.nl\/wp-admin\/\">your dashboard<\/a> to delete this page and create new pages for your content. Have fun!<\/p>","_et_gb_content_width":"","footnotes":""},"class_list":["post-936","page","type-page","status-publish","hentry"],"yoast_head":"<!-- This site is optimized with the Yoast SEO plugin v27.4 - https:\/\/yoast.com\/product\/yoast-seo-wordpress\/ -->\n<title>Acceuil &#183; Santerra Bodemsanering<\/title>\n<meta name=\"description\" content=\"Acceuil \u2713 Achat et l&#039;assainissement de terrains pollu\u00e9s \u2713 Techniques in situ et ex situ.\" \/>\n<meta name=\"robots\" content=\"index, follow, max-snippet:-1, max-image-preview:large, max-video-preview:-1\" \/>\n<link rel=\"canonical\" href=\"https:\/\/www.santerra.be\/fr\/\" \/>\n<meta property=\"og:locale\" content=\"fr_FR\" \/>\n<meta property=\"og:type\" content=\"article\" \/>\n<meta property=\"og:title\" content=\"Acceuil &#183; Santerra Bodemsanering\" \/>\n<meta property=\"og:description\" content=\"Acceuil \u2713 Achat et l&#039;assainissement de terrains pollu\u00e9s \u2713 Techniques in situ et ex situ.\" \/>\n<meta property=\"og:url\" content=\"https:\/\/www.santerra.be\/fr\/\" \/>\n<meta property=\"og:site_name\" content=\"Santerra Bodemsanering\" \/>\n<meta property=\"article:modified_time\" content=\"2018-02-16T10:46:31+00:00\" \/>\n<meta property=\"og:image\" content=\"https:\/\/www.santerra.be\/wp-content\/uploads\/2015\/09\/santerra.gif\" \/>\n\t<meta property=\"og:image:width\" content=\"272\" \/>\n\t<meta property=\"og:image:height\" content=\"61\" \/>\n\t<meta property=\"og:image:type\" content=\"image\/gif\" \/>\n<meta name=\"twitter:card\" content=\"summary_large_image\" \/>\n<meta name=\"twitter:label1\" content=\"Dur\u00e9e de lecture estim\u00e9e\" \/>\n\t<meta name=\"twitter:data1\" content=\"6 minutes\" \/>\n<script type=\"application\/ld+json\" class=\"yoast-schema-graph\">{\"@context\":\"https:\\\/\\\/schema.org\",\"@graph\":[{\"@type\":\"WebPage\",\"@id\":\"https:\\\/\\\/www.santerra.be\\\/fr\\\/\",\"url\":\"https:\\\/\\\/www.santerra.be\\\/fr\\\/\",\"name\":\"Acceuil &#183; Santerra Bodemsanering\",\"isPartOf\":{\"@id\":\"https:\\\/\\\/www.santerra.be\\\/#website\"},\"datePublished\":\"2016-03-21T13:13:44+00:00\",\"dateModified\":\"2018-02-16T10:46:31+00:00\",\"description\":\"Acceuil \u2713 Achat et l'assainissement de terrains pollu\u00e9s \u2713 Techniques in situ et ex situ.\",\"breadcrumb\":{\"@id\":\"https:\\\/\\\/www.santerra.be\\\/fr\\\/#breadcrumb\"},\"inLanguage\":\"fr-FR\",\"potentialAction\":[{\"@type\":\"ReadAction\",\"target\":[\"https:\\\/\\\/www.santerra.be\\\/fr\\\/\"]}]},{\"@type\":\"BreadcrumbList\",\"@id\":\"https:\\\/\\\/www.santerra.be\\\/fr\\\/#breadcrumb\",\"itemListElement\":[{\"@type\":\"ListItem\",\"position\":1,\"name\":\"Home\",\"item\":\"https:\\\/\\\/www.santerra.be\\\/fr\\\/\"},{\"@type\":\"ListItem\",\"position\":2,\"name\":\"Acceuil\"}]},{\"@type\":\"WebSite\",\"@id\":\"https:\\\/\\\/www.santerra.be\\\/#website\",\"url\":\"https:\\\/\\\/www.santerra.be\\\/\",\"name\":\"Santerra Bodemsanering\",\"description\":\"Santerra is actief in de aankoop en het saneren van verontreinigde terreinen\",\"potentialAction\":[{\"@type\":\"SearchAction\",\"target\":{\"@type\":\"EntryPoint\",\"urlTemplate\":\"https:\\\/\\\/www.santerra.be\\\/?s={search_term_string}\"},\"query-input\":{\"@type\":\"PropertyValueSpecification\",\"valueRequired\":true,\"valueName\":\"search_term_string\"}}],\"inLanguage\":\"fr-FR\"}]}<\/script>\n<!-- \/ Yoast SEO plugin. -->","yoast_head_json":{"title":"Acceuil &#183; Santerra Bodemsanering","description":"Acceuil \u2713 Achat et l'assainissement de terrains pollu\u00e9s \u2713 Techniques in situ et ex situ.","robots":{"index":"index","follow":"follow","max-snippet":"max-snippet:-1","max-image-preview":"max-image-preview:large","max-video-preview":"max-video-preview:-1"},"canonical":"https:\/\/www.santerra.be\/fr\/","og_locale":"fr_FR","og_type":"article","og_title":"Acceuil &#183; Santerra Bodemsanering","og_description":"Acceuil \u2713 Achat et l'assainissement de terrains pollu\u00e9s \u2713 Techniques in situ et ex situ.","og_url":"https:\/\/www.santerra.be\/fr\/","og_site_name":"Santerra Bodemsanering","article_modified_time":"2018-02-16T10:46:31+00:00","og_image":[{"width":272,"height":61,"url":"https:\/\/www.santerra.be\/wp-content\/uploads\/2015\/09\/santerra.gif","type":"image\/gif"}],"twitter_card":"summary_large_image","twitter_misc":{"Dur\u00e9e de lecture estim\u00e9e":"6 minutes"},"schema":{"@context":"https:\/\/schema.org","@graph":[{"@type":"WebPage","@id":"https:\/\/www.santerra.be\/fr\/","url":"https:\/\/www.santerra.be\/fr\/","name":"Acceuil &#183; Santerra Bodemsanering","isPartOf":{"@id":"https:\/\/www.santerra.be\/#website"},"datePublished":"2016-03-21T13:13:44+00:00","dateModified":"2018-02-16T10:46:31+00:00","description":"Acceuil \u2713 Achat et l'assainissement de terrains pollu\u00e9s \u2713 Techniques in situ et ex situ.","breadcrumb":{"@id":"https:\/\/www.santerra.be\/fr\/#breadcrumb"},"inLanguage":"fr-FR","potentialAction":[{"@type":"ReadAction","target":["https:\/\/www.santerra.be\/fr\/"]}]},{"@type":"BreadcrumbList","@id":"https:\/\/www.santerra.be\/fr\/#breadcrumb","itemListElement":[{"@type":"ListItem","position":1,"name":"Home","item":"https:\/\/www.santerra.be\/fr\/"},{"@type":"ListItem","position":2,"name":"Acceuil"}]},{"@type":"WebSite","@id":"https:\/\/www.santerra.be\/#website","url":"https:\/\/www.santerra.be\/","name":"Santerra Bodemsanering","description":"Santerra is actief in de aankoop en het saneren van verontreinigde terreinen","potentialAction":[{"@type":"SearchAction","target":{"@type":"EntryPoint","urlTemplate":"https:\/\/www.santerra.be\/?s={search_term_string}"},"query-input":{"@type":"PropertyValueSpecification","valueRequired":true,"valueName":"search_term_string"}}],"inLanguage":"fr-FR"}]}},"_links":{"self":[{"href":"https:\/\/www.santerra.be\/fr\/wp-json\/wp\/v2\/pages\/936","targetHints":{"allow":["GET"]}}],"collection":[{"href":"https:\/\/www.santerra.be\/fr\/wp-json\/wp\/v2\/pages"}],"about":[{"href":"https:\/\/www.santerra.be\/fr\/wp-json\/wp\/v2\/types\/page"}],"author":[{"embeddable":true,"href":"https:\/\/www.santerra.be\/fr\/wp-json\/wp\/v2\/users\/3"}],"replies":[{"embeddable":true,"href":"https:\/\/www.santerra.be\/fr\/wp-json\/wp\/v2\/comments?post=936"}],"version-history":[{"count":7,"href":"https:\/\/www.santerra.be\/fr\/wp-json\/wp\/v2\/pages\/936\/revisions"}],"predecessor-version":[{"id":1458,"href":"https:\/\/www.santerra.be\/fr\/wp-json\/wp\/v2\/pages\/936\/revisions\/1458"}],"wp:attachment":[{"href":"https:\/\/www.santerra.be\/fr\/wp-json\/wp\/v2\/media?parent=936"}],"curies":[{"name":"wp","href":"https:\/\/api.w.org\/{rel}","templated":true}]}}